{"id":57,"date":"2021-07-12T14:33:53","date_gmt":"2021-07-12T12:33:53","guid":{"rendered":"http:\/\/www.unextra.com\/?page_id=57"},"modified":"2023-10-31T15:21:49","modified_gmt":"2023-10-31T15:21:49","slug":"mentions-legales","status":"publish","type":"page","link":"https:\/\/unextra.com\/es\/notas-legales\/","title":{"rendered":"Aviso legal"},"content":{"rendered":"<div data-elementor-type=\"wp-post\" data-elementor-id=\"57\" class=\"elementor elementor-57\" data-elementor-post-type=\"page\">\n\t\t\t\t\t\t\t<div class=\"elementor-element elementor-element-4b4f5c6 e-flex e-con-boxed e-con e-parent\" data-id=\"4b4f5c6\" data-element_type=\"container\" data-settings=\"{&quot;container_type&quot;:&quot;flex&quot;,&quot;content_width&quot;:&quot;boxed&quot;}\" data-core-v316-plus=\"true\">\n\t\t\t\t\t<div class=\"e-con-inner\">\n\t\t<div class=\"elementor-element elementor-element-e1a3cfd e-con-full e-flex e-con e-child\" data-id=\"e1a3cfd\" data-element_type=\"container\" data-settings=\"{&quot;content_width&quot;:&quot;full&quot;,&quot;container_type&quot;:&quot;flex&quot;}\">\n\t\t\t\t<div class=\"elementor-element elementor-element-e1a03e9 elementor-widget elementor-widget-heading\" data-id=\"e1a03e9\" data-element_type=\"widget\" data-widget_type=\"heading.default\">\n\t\t\t\t<div class=\"elementor-widget-container\">\n\t\t\t<style>\/*! elementor - v3.18.0 - 20-12-2023 *\/\n.elementor-heading-title{padding:0;margin:0;line-height:1}.elementor-widget-heading .elementor-heading-title[class*=elementor-size-]>a{color:inherit;font-size:inherit;line-height:inherit}.elementor-widget-heading .elementor-heading-title.elementor-size-small{font-size:15px}.elementor-widget-heading .elementor-heading-title.elementor-size-medium{font-size:19px}.elementor-widget-heading .elementor-heading-title.elementor-size-large{font-size:29px}.elementor-widget-heading .elementor-heading-title.elementor-size-xl{font-size:39px}.elementor-widget-heading .elementor-heading-title.elementor-size-xxl{font-size:59px}<\/style><h2 class=\"elementor-heading-title elementor-size-default\">Aviso legal<\/h2>\t\t<\/div>\n\t\t\t\t<\/div>\n\t\t\t\t<div class=\"elementor-element elementor-element-8fe4d71 elementor-widget elementor-widget-text-editor\" data-id=\"8fe4d71\" data-element_type=\"widget\" data-widget_type=\"text-editor.default\">\n\t\t\t\t<div class=\"elementor-widget-container\">\n\t\t\t<style>\/*! elementor - v3.18.0 - 20-12-2023 *\/\n.elementor-widget-text-editor.elementor-drop-cap-view-stacked .elementor-drop-cap{background-color:#69727d;color:#fff}.elementor-widget-text-editor.elementor-drop-cap-view-framed .elementor-drop-cap{color:#69727d;border:3px solid;background-color:transparent}.elementor-widget-text-editor:not(.elementor-drop-cap-view-default) .elementor-drop-cap{margin-top:8px}.elementor-widget-text-editor:not(.elementor-drop-cap-view-default) .elementor-drop-cap-letter{width:1em;height:1em}.elementor-widget-text-editor .elementor-drop-cap{float:left;text-align:center;line-height:1;font-size:50px}.elementor-widget-text-editor .elementor-drop-cap-letter{display:inline-block}<\/style>\t\t\t\t<p><b>UN EXTRA\u00ae.<\/b><\/p><p><b><i>Actualizado el 6 de julio de 2021<\/i><\/b><\/p><p><b>AVISOS LEGALES<\/b><\/p><p><span style=\"font-weight: 400;\">La aplicaci\u00f3n <\/span><b>Un extra es<\/b><span style=\"font-weight: 400;\"> publicado por <\/span><b>la empresa UN EXTRA, <\/b><span style=\"font-weight: 400;\">Soci\u00e9t\u00e9 par Actions Simplifi\u00e9e Unipersonnelle inscrita en el RCS de MARSEILLE con el n\u00famero 848 354 056, cuya sede social se encuentra en 1163 Chemin de la Vall\u00e9e ZI SAINT MITRE, 13400 AUBAGNE<\/span><\/p><p><span style=\"font-weight: 400;\">Tel\u00e9fono: 07 58 27 34 59\u00a0\u00a0<\/span><\/p><p><span style=\"font-weight: 400;\">Correo electr\u00f3nico : <\/span><a href=\"mailto:unextraapp@gmail.com\"><span style=\"font-weight: 400;\">unextraapp@gmail.com<\/span><\/a><\/p><p><span style=\"font-weight: 400;\">La aplicaci\u00f3n est\u00e1 alojada en : <\/span><b>OC\u00c9ANO DIGITAL<\/b><span style=\"font-weight: 400;\">11 rue Maison Dieu 75014 Par\u00eds<\/span><\/p><p><span style=\"font-weight: 400;\">El director de la publicaci\u00f3n es : <\/span><b>Sr. Bruno REPETTO<\/b><\/p>\t\t\t\t\t\t<\/div>\n\t\t\t\t<\/div>\n\t\t\t\t<\/div>\n\t\t\t\t\t<\/div>\n\t\t\t\t<\/div>\n\t\t\t\t\t\t\t<\/div>","protected":false},"excerpt":{"rendered":"<p>UN EXTRA\u00ae Actualizado el 6 de julio de 2021 AVISO JUR\u00cdDICO La aplicaci\u00f3n UN EXTRA est\u00e1 editada por la empresa UN EXTRA, Soci\u00e9t\u00e9 par Actions Simplifi\u00e9e Unipersonnelle inscrita en el RCS de MARSEILLE con el n\u00famero 848 354 056 cuya sede social se encuentra en 1163 Chemin de la Vall\u00e9e ZI SAINT MITRE, 13400 AUBAGNE Tel\u00e9fono: 07 [...]<\/p>","protected":false},"author":1,"featured_media":0,"parent":0,"menu_order":0,"comment_status":"closed","ping_status":"closed","template":"","meta":{"_mo_disable_npp":"","footnotes":""},"class_list":["post-57","page","type-page","status-publish","hentry"],"blocksy_meta":[],"_links":{"self":[{"href":"https:\/\/unextra.com\/es\/wp-json\/wp\/v2\/pages\/57","targetHints":{"allow":["GET"]}}],"collection":[{"href":"https:\/\/unextra.com\/es\/wp-json\/wp\/v2\/pages"}],"about":[{"href":"https:\/\/unextra.com\/es\/wp-json\/wp\/v2\/types\/page"}],"author":[{"embeddable":true,"href":"https:\/\/unextra.com\/es\/wp-json\/wp\/v2\/users\/1"}],"replies":[{"embeddable":true,"href":"https:\/\/unextra.com\/es\/wp-json\/wp\/v2\/comments?post=57"}],"version-history":[{"count":3,"href":"https:\/\/unextra.com\/es\/wp-json\/wp\/v2\/pages\/57\/revisions"}],"predecessor-version":[{"id":4410,"href":"https:\/\/unextra.com\/es\/wp-json\/wp\/v2\/pages\/57\/revisions\/4410"}],"wp:attachment":[{"href":"https:\/\/unextra.com\/es\/wp-json\/wp\/v2\/media?parent=57"}],"curies":[{"name":"wp","href":"https:\/\/api.w.org\/{rel}","templated":true}]}}