{"id":61,"date":"2021-07-12T14:38:46","date_gmt":"2021-07-12T12:38:46","guid":{"rendered":"http:\/\/www.unextra.com\/?page_id=61"},"modified":"2023-11-22T07:51:34","modified_gmt":"2023-11-22T07:51:34","slug":"temoignages","status":"publish","type":"page","link":"https:\/\/unextra.com\/es\/testimonios\/","title":{"rendered":"Testimonios"},"content":{"rendered":"<div data-elementor-type=\"wp-page\" data-elementor-id=\"61\" class=\"elementor elementor-61\" data-elementor-post-type=\"page\">\n\t\t\t\t\t\t\t\t\t<section class=\"elementor-section elementor-top-section elementor-element elementor-element-6f559e1 elementor-section-boxed elementor-section-height-default elementor-section-height-default\" data-id=\"6f559e1\" data-element_type=\"section\">\n\t\t\t\t\t\t<div class=\"elementor-container elementor-column-gap-default\">\n\t\t\t\t\t<div class=\"elementor-column elementor-col-50 elementor-top-column elementor-element elementor-element-ddec13c\" data-id=\"ddec13c\" data-element_type=\"column\">\n\t\t\t<div class=\"elementor-widget-wrap elementor-element-populated\">\n\t\t\t\t\t\t\t\t<div class=\"elementor-element elementor-element-f3c765c elementor-widget elementor-widget-image\" data-id=\"f3c765c\" data-element_type=\"widget\" data-widget_type=\"image.default\">\n\t\t\t\t<div class=\"elementor-widget-container\">\n\t\t\t<style>\/*! elementor - v3.18.0 - 20-12-2023 *\/\n.elementor-widget-image{text-align:center}.elementor-widget-image a{display:inline-block}.elementor-widget-image a img[src$=\".svg\"]{width:48px}.elementor-widget-image img{vertical-align:middle;display:inline-block}<\/style>\t\t\t\t\t\t\t\t\t\t\t\t<img fetchpriority=\"high\" decoding=\"async\" width=\"1024\" height=\"1024\" src=\"https:\/\/unextra.com\/wp-content\/uploads\/2021\/07\/celineBcrop-1024x1024.png\" class=\"attachment-large size-large wp-image-106\" alt=\"\" srcset=\"https:\/\/unextra.com\/wp-content\/uploads\/2021\/07\/celineBcrop-1024x1024.png 1024w, https:\/\/unextra.com\/wp-content\/uploads\/2021\/07\/celineBcrop-300x300.png 300w, https:\/\/unextra.com\/wp-content\/uploads\/2021\/07\/celineBcrop-150x150.png 150w, https:\/\/unextra.com\/wp-content\/uploads\/2021\/07\/celineBcrop-768x768.png 768w, https:\/\/unextra.com\/wp-content\/uploads\/2021\/07\/celineBcrop-1536x1536.png 1536w, https:\/\/unextra.com\/wp-content\/uploads\/2021\/07\/celineBcrop-2048x2048.png 2048w\" sizes=\"(max-width: 1024px) 100vw, 1024px\" \/>\t\t\t\t\t\t\t\t\t\t\t\t\t\t\t<\/div>\n\t\t\t\t<\/div>\n\t\t\t\t\t<\/div>\n\t\t<\/div>\n\t\t\t\t<div class=\"elementor-column elementor-col-50 elementor-top-column elementor-element elementor-element-bdbb901\" data-id=\"bdbb901\" data-element_type=\"column\">\n\t\t\t<div class=\"elementor-widget-wrap elementor-element-populated\">\n\t\t\t\t\t\t\t\t<div class=\"elementor-element elementor-element-c975598 elementor-widget elementor-widget-heading\" data-id=\"c975598\" data-element_type=\"widget\" data-widget_type=\"heading.default\">\n\t\t\t\t<div class=\"elementor-widget-container\">\n\t\t\t<style>\/*! elementor - v3.18.0 - 20-12-2023 *\/\n.elementor-heading-title{padding:0;margin:0;line-height:1}.elementor-widget-heading .elementor-heading-title[class*=elementor-size-]>a{color:inherit;font-size:inherit;line-height:inherit}.elementor-widget-heading .elementor-heading-title.elementor-size-small{font-size:15px}.elementor-widget-heading .elementor-heading-title.elementor-size-medium{font-size:19px}.elementor-widget-heading .elementor-heading-title.elementor-size-large{font-size:29px}.elementor-widget-heading .elementor-heading-title.elementor-size-xl{font-size:39px}.elementor-widget-heading .elementor-heading-title.elementor-size-xxl{font-size:59px}<\/style><h2 class=\"elementor-heading-title elementor-size-default\">CELINE B.<\/h2>\t\t<\/div>\n\t\t\t\t<\/div>\n\t\t\t\t<div class=\"elementor-element elementor-element-c3a730c elementor-widget elementor-widget-heading\" data-id=\"c3a730c\" data-element_type=\"widget\" data-widget_type=\"heading.default\">\n\t\t\t\t<div class=\"elementor-widget-container\">\n\t\t\t<h3 class=\"elementor-heading-title elementor-size-default\">CAMARERA - EXTRA PRO<\/h3>\t\t<\/div>\n\t\t\t\t<\/div>\n\t\t\t\t<div class=\"elementor-element elementor-element-5b2ae10 elementor-widget elementor-widget-text-editor\" data-id=\"5b2ae10\" data-element_type=\"widget\" data-widget_type=\"text-editor.default\">\n\t\t\t\t<div class=\"elementor-widget-container\">\n\t\t\t<style>\/*! elementor - v3.18.0 - 20-12-2023 *\/\n.elementor-widget-text-editor.elementor-drop-cap-view-stacked .elementor-drop-cap{background-color:#69727d;color:#fff}.elementor-widget-text-editor.elementor-drop-cap-view-framed .elementor-drop-cap{color:#69727d;border:3px solid;background-color:transparent}.elementor-widget-text-editor:not(.elementor-drop-cap-view-default) .elementor-drop-cap{margin-top:8px}.elementor-widget-text-editor:not(.elementor-drop-cap-view-default) .elementor-drop-cap-letter{width:1em;height:1em}.elementor-widget-text-editor .elementor-drop-cap{float:left;text-align:center;line-height:1;font-size:50px}.elementor-widget-text-editor .elementor-drop-cap-letter{display:inline-block}<\/style>\t\t\t\t<p>\u201cC\u00e9line se registr\u00f3 como extra est\u00e1ndar y r\u00e1pidamente tom\u00f3 la decisi\u00f3n de actualizar a Extra PRO para facilitar la gesti\u00f3n de sus misiones y asegurar sus pagos\u201d<\/p>\t\t\t\t\t\t<\/div>\n\t\t\t\t<\/div>\n\t\t\t\t\t<\/div>\n\t\t<\/div>\n\t\t\t\t\t\t\t<\/div>\n\t\t<\/section>\n\t\t\t\t<section class=\"elementor-section elementor-top-section elementor-element elementor-element-5060266 elementor-section-boxed elementor-section-height-default elementor-section-height-default\" data-id=\"5060266\" data-element_type=\"section\">\n\t\t\t\t\t\t<div class=\"elementor-container elementor-column-gap-default\">\n\t\t\t\t\t<div class=\"elementor-column elementor-col-50 elementor-top-column elementor-element elementor-element-b4e774b\" data-id=\"b4e774b\" data-element_type=\"column\">\n\t\t\t<div class=\"elementor-widget-wrap elementor-element-populated\">\n\t\t\t\t\t\t\t\t<div class=\"elementor-element elementor-element-2ef1041 elementor-widget elementor-widget-heading\" data-id=\"2ef1041\" data-element_type=\"widget\" data-widget_type=\"heading.default\">\n\t\t\t\t<div class=\"elementor-widget-container\">\n\t\t\t<h2 class=\"elementor-heading-title elementor-size-default\">JEAN C.<\/h2>\t\t<\/div>\n\t\t\t\t<\/div>\n\t\t\t\t<div class=\"elementor-element elementor-element-04a60e3 elementor-widget elementor-widget-heading\" data-id=\"04a60e3\" data-element_type=\"widget\" data-widget_type=\"heading.default\">\n\t\t\t\t<div class=\"elementor-widget-container\">\n\t\t\t<h3 class=\"elementor-heading-title elementor-size-default\">SERVIDOR - CDI<\/h3>\t\t<\/div>\n\t\t\t\t<\/div>\n\t\t\t\t<div class=\"elementor-element elementor-element-9b227f6 elementor-widget elementor-widget-text-editor\" data-id=\"9b227f6\" data-element_type=\"widget\" data-widget_type=\"text-editor.default\">\n\t\t\t\t<div class=\"elementor-widget-container\">\n\t\t\t\t\t\t\t<p>\u201cJean opt\u00f3 por seguir un est\u00e1ndar extra y encontrar un trabajo en la restauraci\u00f3n con contrato permanente. Algunas conexiones m\u00e1s tarde ya est\u00e1 en el cargo \u00bb<\/p>\t\t\t\t\t\t<\/div>\n\t\t\t\t<\/div>\n\t\t\t\t\t<\/div>\n\t\t<\/div>\n\t\t\t\t<div class=\"elementor-column elementor-col-50 elementor-top-column elementor-element elementor-element-a73f808\" data-id=\"a73f808\" data-element_type=\"column\">\n\t\t\t<div class=\"elementor-widget-wrap elementor-element-populated\">\n\t\t\t\t\t\t\t\t<div class=\"elementor-element elementor-element-75b61a4 elementor-widget elementor-widget-image\" data-id=\"75b61a4\" data-element_type=\"widget\" data-widget_type=\"image.default\">\n\t\t\t\t<div class=\"elementor-widget-container\">\n\t\t\t\t\t\t\t\t\t\t\t\t\t\t\t<img decoding=\"async\" width=\"1024\" height=\"1024\" src=\"https:\/\/unextra.com\/wp-content\/uploads\/2021\/07\/JeanCcrop-1024x1024.png\" class=\"attachment-large size-large wp-image-109\" alt=\"\" srcset=\"https:\/\/unextra.com\/wp-content\/uploads\/2021\/07\/JeanCcrop-1024x1024.png 1024w, https:\/\/unextra.com\/wp-content\/uploads\/2021\/07\/JeanCcrop-300x300.png 300w, https:\/\/unextra.com\/wp-content\/uploads\/2021\/07\/JeanCcrop-150x150.png 150w, https:\/\/unextra.com\/wp-content\/uploads\/2021\/07\/JeanCcrop-768x768.png 768w, https:\/\/unextra.com\/wp-content\/uploads\/2021\/07\/JeanCcrop-1536x1536.png 1536w, https:\/\/unextra.com\/wp-content\/uploads\/2021\/07\/JeanCcrop-2048x2048.png 2048w\" sizes=\"(max-width: 1024px) 100vw, 1024px\" \/>\t\t\t\t\t\t\t\t\t\t\t\t\t\t\t<\/div>\n\t\t\t\t<\/div>\n\t\t\t\t\t<\/div>\n\t\t<\/div>\n\t\t\t\t\t\t\t<\/div>\n\t\t<\/section>\n\t\t\t\t<section class=\"elementor-section elementor-top-section elementor-element elementor-element-cb27407 elementor-section-boxed elementor-section-height-default elementor-section-height-default\" data-id=\"cb27407\" data-element_type=\"section\">\n\t\t\t\t\t\t<div class=\"elementor-container elementor-column-gap-default\">\n\t\t\t\t\t<div class=\"elementor-column elementor-col-50 elementor-top-column elementor-element elementor-element-19f6a77\" data-id=\"19f6a77\" data-element_type=\"column\">\n\t\t\t<div class=\"elementor-widget-wrap elementor-element-populated\">\n\t\t\t\t\t\t\t\t<div class=\"elementor-element elementor-element-af5d46f elementor-widget elementor-widget-image\" data-id=\"af5d46f\" data-element_type=\"widget\" data-widget_type=\"image.default\">\n\t\t\t\t<div class=\"elementor-widget-container\">\n\t\t\t\t\t\t\t\t\t\t\t\t\t\t\t<img decoding=\"async\" width=\"1024\" height=\"1024\" src=\"https:\/\/unextra.com\/wp-content\/uploads\/2021\/07\/emp-crop-1024x1024.png\" class=\"attachment-large size-large wp-image-107\" alt=\"\" srcset=\"https:\/\/unextra.com\/wp-content\/uploads\/2021\/07\/emp-crop-1024x1024.png 1024w, https:\/\/unextra.com\/wp-content\/uploads\/2021\/07\/emp-crop-300x300.png 300w, https:\/\/unextra.com\/wp-content\/uploads\/2021\/07\/emp-crop-150x150.png 150w, https:\/\/unextra.com\/wp-content\/uploads\/2021\/07\/emp-crop-768x768.png 768w, https:\/\/unextra.com\/wp-content\/uploads\/2021\/07\/emp-crop-1536x1536.png 1536w, https:\/\/unextra.com\/wp-content\/uploads\/2021\/07\/emp-crop.png 1627w\" sizes=\"(max-width: 1024px) 100vw, 1024px\" \/>\t\t\t\t\t\t\t\t\t\t\t\t\t\t\t<\/div>\n\t\t\t\t<\/div>\n\t\t\t\t\t<\/div>\n\t\t<\/div>\n\t\t\t\t<div class=\"elementor-column elementor-col-50 elementor-top-column elementor-element elementor-element-54947dc\" data-id=\"54947dc\" data-element_type=\"column\">\n\t\t\t<div class=\"elementor-widget-wrap elementor-element-populated\">\n\t\t\t\t\t\t\t\t<div class=\"elementor-element elementor-element-4ee8756 elementor-widget elementor-widget-heading\" data-id=\"4ee8756\" data-element_type=\"widget\" data-widget_type=\"heading.default\">\n\t\t\t\t<div class=\"elementor-widget-container\">\n\t\t\t<h2 class=\"elementor-heading-title elementor-size-default\">MARC D.<\/h2>\t\t<\/div>\n\t\t\t\t<\/div>\n\t\t\t\t<div class=\"elementor-element elementor-element-b77edf5 elementor-widget elementor-widget-heading\" data-id=\"b77edf5\" data-element_type=\"widget\" data-widget_type=\"heading.default\">\n\t\t\t\t<div class=\"elementor-widget-container\">\n\t\t\t<h3 class=\"elementor-heading-title elementor-size-default\">RESTAURANTE <\/h3>\t\t<\/div>\n\t\t\t\t<\/div>\n\t\t\t\t<div class=\"elementor-element elementor-element-07bf91f elementor-widget elementor-widget-text-editor\" data-id=\"07bf91f\" data-element_type=\"widget\" data-widget_type=\"text-editor.default\">\n\t\t\t\t<div class=\"elementor-widget-container\">\n\t\t\t\t\t\t\t<p>\u201cMarc se apunt\u00f3 para contratar urgentemente un ayudante de cocina para salvar su temporada, en algunas discusiones encontr\u00f3 un ayudante joven que se adaptaba a sus necesidades. De este modo se salva la temporada y la gesti\u00f3n del tiempo de trabajo de su joven recluta se facilita gracias a la entrega autom\u00e1tica de contratos y facturas.<\/p>\t\t\t\t\t\t<\/div>\n\t\t\t\t<\/div>\n\t\t\t\t\t<\/div>\n\t\t<\/div>\n\t\t\t\t\t\t\t<\/div>\n\t\t<\/section>\n\t\t\t\t\t\t\t<\/div>","protected":false},"excerpt":{"rendered":"<p>CELINE B. CAMARERA \u2013 EXTRA PRO \u201cC\u00e9line se inscribi\u00f3 como extra est\u00e1ndar y r\u00e1pidamente decidi\u00f3 ascender a Extra PRO para facilitar la gesti\u00f3n de sus tareas y asegurar sus pagos.\u201d JEAN C. CAMARERO \u2013 CDI \u201cJean decidi\u00f3 quedarse como extra est\u00e1ndar para buscar un trabajo fijo en la industria de la restauraci\u00f3n. [\u2026]<\/p>","protected":false},"author":1,"featured_media":0,"parent":0,"menu_order":0,"comment_status":"closed","ping_status":"closed","template":"","meta":{"_mo_disable_npp":"","footnotes":""},"class_list":["post-61","page","type-page","status-publish","hentry"],"blocksy_meta":[],"_links":{"self":[{"href":"https:\/\/unextra.com\/es\/wp-json\/wp\/v2\/pages\/61","targetHints":{"allow":["GET"]}}],"collection":[{"href":"https:\/\/unextra.com\/es\/wp-json\/wp\/v2\/pages"}],"about":[{"href":"https:\/\/unextra.com\/es\/wp-json\/wp\/v2\/types\/page"}],"author":[{"embeddable":true,"href":"https:\/\/unextra.com\/es\/wp-json\/wp\/v2\/users\/1"}],"replies":[{"embeddable":true,"href":"https:\/\/unextra.com\/es\/wp-json\/wp\/v2\/comments?post=61"}],"version-history":[{"count":1,"href":"https:\/\/unextra.com\/es\/wp-json\/wp\/v2\/pages\/61\/revisions"}],"predecessor-version":[{"id":4345,"href":"https:\/\/unextra.com\/es\/wp-json\/wp\/v2\/pages\/61\/revisions\/4345"}],"wp:attachment":[{"href":"https:\/\/unextra.com\/es\/wp-json\/wp\/v2\/media?parent=61"}],"curies":[{"name":"wp","href":"https:\/\/api.w.org\/{rel}","templated":true}]}}