{"id":69,"date":"2023-11-24T08:47:33","date_gmt":"2023-11-24T08:47:33","guid":{"rendered":"http:\/\/www.unextra.com\/?page_id=69"},"modified":"2023-11-24T08:47:33","modified_gmt":"2023-11-24T08:47:33","slug":"recrutez","status":"publish","type":"page","link":"https:\/\/unextra.com\/es\/reclutar\/","title":{"rendered":"\u00a1Recluta un extra cerca de ti!"},"content":{"rendered":"<div data-elementor-type=\"wp-page\" data-elementor-id=\"69\" class=\"elementor elementor-69\" data-elementor-post-type=\"page\">\n\t\t\t\t\t\t\t\t\t<section class=\"elementor-section elementor-top-section elementor-element elementor-element-76f2cff elementor-section-content-space-around elementor-section-full_width elementor-section-height-default elementor-section-height-default\" data-id=\"76f2cff\" data-element_type=\"section\">\n\t\t\t\t\t\t<div class=\"elementor-container elementor-column-gap-wider\">\n\t\t\t\t\t<div class=\"elementor-column elementor-col-50 elementor-top-column elementor-element elementor-element-2e5d2d7\" data-id=\"2e5d2d7\" data-element_type=\"column\" data-settings=\"{&quot;background_background&quot;:&quot;classic&quot;}\">\n\t\t\t<div class=\"elementor-widget-wrap elementor-element-populated\">\n\t\t\t\t\t\t\t\t<div class=\"elementor-element elementor-element-5a77b9c elementor-align-right elementor-widget elementor-widget-button\" data-id=\"5a77b9c\" data-element_type=\"widget\" data-widget_type=\"button.default\">\n\t\t\t\t<div class=\"elementor-widget-container\">\n\t\t\t\t\t<div class=\"elementor-button-wrapper\">\n\t\t\t<a class=\"elementor-button elementor-button-link elementor-size-md\" href=\"http:\/\/www.unextra.com\/index.php\/accueil\/\">\n\t\t\t\t\t\t<span class=\"elementor-button-content-wrapper\">\n\t\t\t\t\t\t<span class=\"elementor-button-text\">descubre la aplicaci\u00f3n<\/span>\n\t\t<\/span>\n\t\t\t\t\t<\/a>\n\t\t<\/div>\n\t\t\t\t<\/div>\n\t\t\t\t<\/div>\n\t\t\t\t<div class=\"elementor-element elementor-element-44b5d99 elementor-widget elementor-widget-heading\" data-id=\"44b5d99\" data-element_type=\"widget\" data-widget_type=\"heading.default\">\n\t\t\t\t<div class=\"elementor-widget-container\">\n\t\t\t<style>\/*! elementor - v3.18.0 - 20-12-2023 *\/\n.elementor-heading-title{padding:0;margin:0;line-height:1}.elementor-widget-heading .elementor-heading-title[class*=elementor-size-]>a{color:inherit;font-size:inherit;line-height:inherit}.elementor-widget-heading .elementor-heading-title.elementor-size-small{font-size:15px}.elementor-widget-heading .elementor-heading-title.elementor-size-medium{font-size:19px}.elementor-widget-heading .elementor-heading-title.elementor-size-large{font-size:29px}.elementor-widget-heading .elementor-heading-title.elementor-size-xl{font-size:39px}.elementor-widget-heading .elementor-heading-title.elementor-size-xxl{font-size:59px}<\/style><div class=\"elementor-heading-title elementor-size-xl\">CONECTANDO ENTRE PROFESIONALES DE RESTAURANTE<\/div>\t\t<\/div>\n\t\t\t\t<\/div>\n\t\t\t\t<div class=\"elementor-element elementor-element-8ee3de2 elementor-widget elementor-widget-image\" data-id=\"8ee3de2\" data-element_type=\"widget\" data-widget_type=\"image.default\">\n\t\t\t\t<div class=\"elementor-widget-container\">\n\t\t\t<style>\/*! elementor - v3.18.0 - 20-12-2023 *\/\n.elementor-widget-image{text-align:center}.elementor-widget-image a{display:inline-block}.elementor-widget-image a img[src$=\".svg\"]{width:48px}.elementor-widget-image img{vertical-align:middle;display:inline-block}<\/style>\t\t\t\t\t\t\t\t\t\t\t\t<img fetchpriority=\"high\" decoding=\"async\" width=\"1024\" height=\"1024\" src=\"https:\/\/unextra.com\/wp-content\/uploads\/2021\/07\/emp-crop-1024x1024.png\" class=\"attachment-large size-large wp-image-107\" alt=\"\" srcset=\"https:\/\/unextra.com\/wp-content\/uploads\/2021\/07\/emp-crop-1024x1024.png 1024w, https:\/\/unextra.com\/wp-content\/uploads\/2021\/07\/emp-crop-300x300.png 300w, https:\/\/unextra.com\/wp-content\/uploads\/2021\/07\/emp-crop-150x150.png 150w, https:\/\/unextra.com\/wp-content\/uploads\/2021\/07\/emp-crop-768x768.png 768w, https:\/\/unextra.com\/wp-content\/uploads\/2021\/07\/emp-crop-1536x1536.png 1536w, https:\/\/unextra.com\/wp-content\/uploads\/2021\/07\/emp-crop.png 1627w\" sizes=\"(max-width: 1024px) 100vw, 1024px\" \/>\t\t\t\t\t\t\t\t\t\t\t\t\t\t\t<\/div>\n\t\t\t\t<\/div>\n\t\t\t\t<div class=\"elementor-element elementor-element-cd8c1f5 elementor-widget elementor-widget-heading\" data-id=\"cd8c1f5\" data-element_type=\"widget\" data-widget_type=\"heading.default\">\n\t\t\t\t<div class=\"elementor-widget-container\">\n\t\t\t<h2 class=\"elementor-heading-title elementor-size-xl\">SOY EMPLEADOR<\/h2>\t\t<\/div>\n\t\t\t\t<\/div>\n\t\t\t\t<div class=\"elementor-element elementor-element-46d0851 elementor-widget elementor-widget-text-editor\" data-id=\"46d0851\" data-element_type=\"widget\" data-widget_type=\"text-editor.default\">\n\t\t\t\t<div class=\"elementor-widget-container\">\n\t\t\t<style>\/*! elementor - v3.18.0 - 20-12-2023 *\/\n.elementor-widget-text-editor.elementor-drop-cap-view-stacked .elementor-drop-cap{background-color:#69727d;color:#fff}.elementor-widget-text-editor.elementor-drop-cap-view-framed .elementor-drop-cap{color:#69727d;border:3px solid;background-color:transparent}.elementor-widget-text-editor:not(.elementor-drop-cap-view-default) .elementor-drop-cap{margin-top:8px}.elementor-widget-text-editor:not(.elementor-drop-cap-view-default) .elementor-drop-cap-letter{width:1em;height:1em}.elementor-widget-text-editor .elementor-drop-cap{float:left;text-align:center;line-height:1;font-size:50px}.elementor-widget-text-editor .elementor-drop-cap-letter{display:inline-block}<\/style>\t\t\t\t<p>Se facilit\u00f3 el reclutamiento para misiones de corto y largo plazo. Dotaci\u00f3n de un gran cat\u00e1logo de profesionales. Algoritmo de visualizaci\u00f3n de afinidad. Gesti\u00f3n de m\u00faltiples cuentas, etc.<\/p>\t\t\t\t\t\t<\/div>\n\t\t\t\t<\/div>\n\t\t\t\t\t<\/div>\n\t\t<\/div>\n\t\t\t\t<div class=\"elementor-column elementor-col-50 elementor-top-column elementor-element elementor-element-56cc656\" data-id=\"56cc656\" data-element_type=\"column\" data-settings=\"{&quot;background_background&quot;:&quot;classic&quot;}\">\n\t\t\t<div class=\"elementor-widget-wrap elementor-element-populated\">\n\t\t\t\t\t\t\t\t<div class=\"elementor-element elementor-element-7f24a7c elementor-align-right elementor-widget elementor-widget-button\" data-id=\"7f24a7c\" data-element_type=\"widget\" data-widget_type=\"button.default\">\n\t\t\t\t<div class=\"elementor-widget-container\">\n\t\t\t\t\t<div class=\"elementor-button-wrapper\">\n\t\t\t<a class=\"elementor-button elementor-button-link elementor-size-sm\" href=\"https:\/\/unextra.com\/index.php\/tutoriels\/\">\n\t\t\t\t\t\t<span class=\"elementor-button-content-wrapper\">\n\t\t\t\t\t\t<span class=\"elementor-button-text\">DESCUBRE LA APLICACI\u00d3N<\/span>\n\t\t<\/span>\n\t\t\t\t\t<\/a>\n\t\t<\/div>\n\t\t\t\t<\/div>\n\t\t\t\t<\/div>\n\t\t\t\t<div class=\"elementor-element elementor-element-d926402 elementor-widget elementor-widget-heading\" data-id=\"d926402\" data-element_type=\"widget\" data-widget_type=\"heading.default\">\n\t\t\t\t<div class=\"elementor-widget-container\">\n\t\t\t<h4 class=\"elementor-heading-title elementor-size-xl\"><br><br><br>EL PODER DE LA RED<br>UN EXTRA<br>MAPA GEOLOCALIZADO<br><br><br><\/h4>\t\t<\/div>\n\t\t\t\t<\/div>\n\t\t\t\t<div class=\"elementor-element elementor-element-109c0d6 elementor-widget elementor-widget-image\" data-id=\"109c0d6\" data-element_type=\"widget\" data-widget_type=\"image.default\">\n\t\t\t\t<div class=\"elementor-widget-container\">\n\t\t\t\t\t\t\t\t\t\t\t\t\t\t\t<img decoding=\"async\" width=\"1024\" height=\"1024\" src=\"https:\/\/unextra.com\/wp-content\/uploads\/2021\/07\/JeanCcrop-1024x1024.png\" class=\"attachment-large size-large wp-image-109\" alt=\"\" srcset=\"https:\/\/unextra.com\/wp-content\/uploads\/2021\/07\/JeanCcrop-1024x1024.png 1024w, https:\/\/unextra.com\/wp-content\/uploads\/2021\/07\/JeanCcrop-300x300.png 300w, https:\/\/unextra.com\/wp-content\/uploads\/2021\/07\/JeanCcrop-150x150.png 150w, https:\/\/unextra.com\/wp-content\/uploads\/2021\/07\/JeanCcrop-768x768.png 768w, https:\/\/unextra.com\/wp-content\/uploads\/2021\/07\/JeanCcrop-1536x1536.png 1536w, https:\/\/unextra.com\/wp-content\/uploads\/2021\/07\/JeanCcrop-2048x2048.png 2048w\" sizes=\"(max-width: 1024px) 100vw, 1024px\" \/>\t\t\t\t\t\t\t\t\t\t\t\t\t\t\t<\/div>\n\t\t\t\t<\/div>\n\t\t\t\t<div class=\"elementor-element elementor-element-c686d59 elementor-widget elementor-widget-heading\" data-id=\"c686d59\" data-element_type=\"widget\" data-widget_type=\"heading.default\">\n\t\t\t\t<div class=\"elementor-widget-container\">\n\t\t\t<h2 class=\"elementor-heading-title elementor-size-xxl\"><br>SOY UN EXTRA<\/h2>\t\t<\/div>\n\t\t\t\t<\/div>\n\t\t\t\t<div class=\"elementor-element elementor-element-ced6954 elementor-widget elementor-widget-text-editor\" data-id=\"ced6954\" data-element_type=\"widget\" data-widget_type=\"text-editor.default\">\n\t\t\t\t<div class=\"elementor-widget-container\">\n\t\t\t\t\t\t\t<p><span style=\"font-size: 1em;\">Amplia variedad de misiones o contratos adicionales, uso gratuito de la aplicaci\u00f3n 100%. Posibilidades de utilizar un contacto simple o cambiar a Extra PRO y beneficiarse de una interfaz de pago segura para las misiones.<\/span><\/p>\t\t\t\t\t\t<\/div>\n\t\t\t\t<\/div>\n\t\t\t\t\t<\/div>\n\t\t<\/div>\n\t\t\t\t\t\t\t<\/div>\n\t\t<\/section>\n\t\t\t\t\t\t\t<\/div>","protected":false},"excerpt":{"rendered":"<p>descubre la aplicaci\u00f3n CONECTANDO ENTRE PROFESIONALES DE RESTAURANTE SOY EMPLEADOR Reclutamiento para misiones de corto y largo plazo de forma f\u00e1cil. Dotaci\u00f3n de un gran cat\u00e1logo de profesionales. Algoritmo de visualizaci\u00f3n de afinidad. Gesti\u00f3n multicuenta etc\u2026 DESCUBRE LA APLICACI\u00d3N EL PODER DE LA RED UNA TARJETA EXTRA GEOLOCALIZADA SOY UN EXTRA Amplia elecci\u00f3n de [\u2026]<\/p>","protected":false},"author":1,"featured_media":0,"parent":0,"menu_order":0,"comment_status":"closed","ping_status":"closed","template":"","meta":{"_mo_disable_npp":"","footnotes":""},"class_list":["post-69","page","type-page","status-publish","hentry"],"blocksy_meta":[],"_links":{"self":[{"href":"https:\/\/unextra.com\/es\/wp-json\/wp\/v2\/pages\/69","targetHints":{"allow":["GET"]}}],"collection":[{"href":"https:\/\/unextra.com\/es\/wp-json\/wp\/v2\/pages"}],"about":[{"href":"https:\/\/unextra.com\/es\/wp-json\/wp\/v2\/types\/page"}],"author":[{"embeddable":true,"href":"https:\/\/unextra.com\/es\/wp-json\/wp\/v2\/users\/1"}],"replies":[{"embeddable":true,"href":"https:\/\/unextra.com\/es\/wp-json\/wp\/v2\/comments?post=69"}],"version-history":[{"count":1,"href":"https:\/\/unextra.com\/es\/wp-json\/wp\/v2\/pages\/69\/revisions"}],"predecessor-version":[{"id":4342,"href":"https:\/\/unextra.com\/es\/wp-json\/wp\/v2\/pages\/69\/revisions\/4342"}],"wp:attachment":[{"href":"https:\/\/unextra.com\/es\/wp-json\/wp\/v2\/media?parent=69"}],"curies":[{"name":"wp","href":"https:\/\/api.w.org\/{rel}","templated":true}]}}